{"id":588,"date":"2019-05-25T12:58:57","date_gmt":"2019-05-25T12:58:57","guid":{"rendered":"http:\/\/www.lemanoirdeschevauxdores.fr\/chambres-et-tarifs\/studio-jim-et-jules\/"},"modified":"2019-12-23T18:32:28","modified_gmt":"2019-12-23T18:32:28","slug":"studio-jim-i-jules","status":"publish","type":"page","link":"http:\/\/www.lemanoirdeschevauxdores.fr\/hr\/sobe-i-cijene\/studio-jim-i-jules\/","title":{"rendered":"Studio Jules i Jim"},"content":{"rendered":"\n<p>Se nalazi u odvojenom objektu sa direktnim izlazom u vrt. Sa svojih 19 m\u00b2 sadr\u017ei privatnu kupaonicu, malu kuhinju te privatnu kupaonicu. Sa velikim ekranom pru\u017eit \u0107e Vam jedinstveni do\u017eivljaj tako da \u0107ete mo\u0107i u\u017eivati u svjetskim klasicima na velikom platnu.<\/p>\n\n\n<style>#jtg-335 .item .jtg-social a { color: #ffffff }#jtg-335 .item .caption { background-color: #ffffff;  }#jtg-335 .item .figc {color:#ffffff;}#jtg-335 .item { transform: scale(1); }#jtg-335 { width:100%;}#jtg-335 .items{height:800px;}#jtg-335 .items .figc p.description { color:#ffffff;font-size:14px; }#jtg-335 .items .figc .jtg-title { color:#ffffff; }<\/style>\n<div id=\"jtg-335\" class=\"modula modula-gallery \" data-config=\"{&quot;margin&quot;:10,&quot;enableTwitter&quot;:false,&quot;enableFacebook&quot;:false,&quot;enablePinterest&quot;:false,&quot;enableLinkedin&quot;:false,&quot;randomFactor&quot;:0.5,&quot;type&quot;:&quot;creative-gallery&quot;,&quot;columns&quot;:12,&quot;gutter&quot;:10,&quot;enableResponsive&quot;:&quot;0&quot;,&quot;tabletColumns&quot;:&quot;2&quot;,&quot;mobileColumns&quot;:&quot;1&quot;,&quot;lazyLoad&quot;:&quot;0&quot;}\">\n\n\t\n\t<div class='items'>\n\t\t<div class=\"item effect-pufrobo\" >\n\n\t\n\t\t\t<a href=\"http:\/\/www.lemanoirdeschevauxdores.fr\/wp-content\/uploads\/2019\/05\/ManoirJulesJim3.jpg\" title=\"\" data-title=\"\" data-lightbox=\"jtg-335\" class=\"tile-inner\"><\/a>\n\t\n\t\n\t<img decoding=\"async\" class='pic' data-valign=\"middle\" data-halign=\"center\" alt=\"\" src=\"http:\/\/www.lemanoirdeschevauxdores.fr\/wp-content\/uploads\/2019\/05\/ManoirJulesJim3-900x99999.jpg\" data-src=\"http:\/\/www.lemanoirdeschevauxdores.fr\/wp-content\/uploads\/2019\/05\/ManoirJulesJim3-900x99999.jpg\"\/>\n\n\t\n\t<div class=\"figc no-title no-description\">\n\t\t<div class=\"figc-inner\">\n\t\t\t\t\t\t\t\t\t\t\t\t<div class=\"jtg-social\">\n\t\t\t\t\t\t\t\t\t\t\t\t\t\t\t\t\t\t\t<\/div>\n\t\t\t\t\t<\/div>\n\t<\/div>\n<\/div><div class=\"item effect-pufrobo\" >\n\n\t\n\t\t\t<a href=\"http:\/\/www.lemanoirdeschevauxdores.fr\/wp-content\/uploads\/2019\/05\/ManoirJulesjim10.jpg\" title=\"\" data-title=\"\" data-lightbox=\"jtg-335\" class=\"tile-inner\"><\/a>\n\t\n\t\n\t<img decoding=\"async\" class='pic' data-valign=\"middle\" data-halign=\"center\" alt=\"\" src=\"http:\/\/www.lemanoirdeschevauxdores.fr\/wp-content\/uploads\/2019\/05\/ManoirJulesjim10-99999x900.jpg\" data-src=\"http:\/\/www.lemanoirdeschevauxdores.fr\/wp-content\/uploads\/2019\/05\/ManoirJulesjim10-99999x900.jpg\"\/>\n\n\t\n\t<div class=\"figc no-title no-description\">\n\t\t<div class=\"figc-inner\">\n\t\t\t\t\t\t\t\t\t\t\t\t<div class=\"jtg-social\">\n\t\t\t\t\t\t\t\t\t\t\t\t\t\t\t\t\t\t\t<\/div>\n\t\t\t\t\t<\/div>\n\t<\/div>\n<\/div><div class=\"item effect-pufrobo\" >\n\n\t\n\t\t\t<a href=\"http:\/\/www.lemanoirdeschevauxdores.fr\/wp-content\/uploads\/2019\/05\/ManoirJulesJim4.jpg\" title=\"\" data-title=\"\" data-lightbox=\"jtg-335\" class=\"tile-inner\"><\/a>\n\t\n\t\n\t<img decoding=\"async\" class='pic' data-valign=\"middle\" data-halign=\"center\" alt=\"\" src=\"http:\/\/www.lemanoirdeschevauxdores.fr\/wp-content\/uploads\/2019\/05\/ManoirJulesJim4-900x99999.jpg\" data-src=\"http:\/\/www.lemanoirdeschevauxdores.fr\/wp-content\/uploads\/2019\/05\/ManoirJulesJim4-900x99999.jpg\"\/>\n\n\t\n\t<div class=\"figc no-title no-description\">\n\t\t<div class=\"figc-inner\">\n\t\t\t\t\t\t\t\t\t\t\t\t<div class=\"jtg-social\">\n\t\t\t\t\t\t\t\t\t\t\t\t\t\t\t\t\t\t\t<\/div>\n\t\t\t\t\t<\/div>\n\t<\/div>\n<\/div><div class=\"item effect-pufrobo\" >\n\n\t\n\t\t\t<a href=\"http:\/\/www.lemanoirdeschevauxdores.fr\/wp-content\/uploads\/2019\/05\/ManoirJulesJim2.jpg\" title=\"\" data-title=\"\" data-lightbox=\"jtg-335\" class=\"tile-inner\"><\/a>\n\t\n\t\n\t<img decoding=\"async\" class='pic' data-valign=\"middle\" data-halign=\"center\" alt=\"\" src=\"http:\/\/www.lemanoirdeschevauxdores.fr\/wp-content\/uploads\/2019\/05\/ManoirJulesJim2-900x99999.jpg\" data-src=\"http:\/\/www.lemanoirdeschevauxdores.fr\/wp-content\/uploads\/2019\/05\/ManoirJulesJim2-900x99999.jpg\"\/>\n\n\t\n\t<div class=\"figc no-title no-description\">\n\t\t<div class=\"figc-inner\">\n\t\t\t\t\t\t\t\t\t\t\t\t<div class=\"jtg-social\">\n\t\t\t\t\t\t\t\t\t\t\t\t\t\t\t\t\t\t\t<\/div>\n\t\t\t\t\t<\/div>\n\t<\/div>\n<\/div><div class=\"item effect-pufrobo\" >\n\n\t\n\t\t\t<a href=\"http:\/\/www.lemanoirdeschevauxdores.fr\/wp-content\/uploads\/2019\/05\/ManoirJulesJim5.jpg\" title=\"\" data-title=\"\" data-lightbox=\"jtg-335\" class=\"tile-inner\"><\/a>\n\t\n\t\n\t<img decoding=\"async\" class='pic' data-valign=\"middle\" data-halign=\"center\" alt=\"\" src=\"http:\/\/www.lemanoirdeschevauxdores.fr\/wp-content\/uploads\/2019\/05\/ManoirJulesJim5-900x99999.jpg\" data-src=\"http:\/\/www.lemanoirdeschevauxdores.fr\/wp-content\/uploads\/2019\/05\/ManoirJulesJim5-900x99999.jpg\"\/>\n\n\t\n\t<div class=\"figc no-title no-description\">\n\t\t<div class=\"figc-inner\">\n\t\t\t\t\t\t\t\t\t\t\t\t<div class=\"jtg-social\">\n\t\t\t\t\t\t\t\t\t\t\t\t\t\t\t\t\t\t\t<\/div>\n\t\t\t\t\t<\/div>\n\t<\/div>\n<\/div><div class=\"item effect-pufrobo\" >\n\n\t\n\t\t\t<a href=\"http:\/\/www.lemanoirdeschevauxdores.fr\/wp-content\/uploads\/2019\/05\/ManoirJulesjim25.jpg\" title=\"\" data-title=\"\" data-lightbox=\"jtg-335\" class=\"tile-inner\"><\/a>\n\t\n\t\n\t<img decoding=\"async\" class='pic' data-valign=\"middle\" data-halign=\"center\" alt=\"\" src=\"http:\/\/www.lemanoirdeschevauxdores.fr\/wp-content\/uploads\/2019\/05\/ManoirJulesjim25-900x99999.jpg\" data-src=\"http:\/\/www.lemanoirdeschevauxdores.fr\/wp-content\/uploads\/2019\/05\/ManoirJulesjim25-900x99999.jpg\"\/>\n\n\t\n\t<div class=\"figc no-title no-description\">\n\t\t<div class=\"figc-inner\">\n\t\t\t\t\t\t\t\t\t\t\t\t<div class=\"jtg-social\">\n\t\t\t\t\t\t\t\t\t\t\t\t\t\t\t\t\t\t\t<\/div>\n\t\t\t\t\t<\/div>\n\t<\/div>\n<\/div><div class=\"item effect-pufrobo\" >\n\n\t\n\t\t\t<a href=\"http:\/\/www.lemanoirdeschevauxdores.fr\/wp-content\/uploads\/2019\/05\/ManoirJulesjim24.jpg\" title=\"\" data-title=\"\" data-lightbox=\"jtg-335\" class=\"tile-inner\"><\/a>\n\t\n\t\n\t<img decoding=\"async\" class='pic' data-valign=\"middle\" data-halign=\"center\" alt=\"\" src=\"http:\/\/www.lemanoirdeschevauxdores.fr\/wp-content\/uploads\/2019\/05\/ManoirJulesjim24-99999x900.jpg\" data-src=\"http:\/\/www.lemanoirdeschevauxdores.fr\/wp-content\/uploads\/2019\/05\/ManoirJulesjim24-99999x900.jpg\"\/>\n\n\t\n\t<div class=\"figc no-title no-description\">\n\t\t<div class=\"figc-inner\">\n\t\t\t\t\t\t\t\t\t\t\t\t<div class=\"jtg-social\">\n\t\t\t\t\t\t\t\t\t\t\t\t\t\t\t\t\t\t\t<\/div>\n\t\t\t\t\t<\/div>\n\t<\/div>\n<\/div><div class=\"item effect-pufrobo\" >\n\n\t\n\t\t\t<a href=\"http:\/\/www.lemanoirdeschevauxdores.fr\/wp-content\/uploads\/2019\/05\/IMG_4862.jpg\" title=\"\" data-title=\"\" data-lightbox=\"jtg-335\" class=\"tile-inner\"><\/a>\n\t\n\t\n\t<img decoding=\"async\" class='pic' data-valign=\"middle\" data-halign=\"center\" alt=\"\" src=\"http:\/\/www.lemanoirdeschevauxdores.fr\/wp-content\/uploads\/2019\/05\/IMG_4862-900x99999.jpg\" data-src=\"http:\/\/www.lemanoirdeschevauxdores.fr\/wp-content\/uploads\/2019\/05\/IMG_4862-900x99999.jpg\"\/>\n\n\t\n\t<div class=\"figc no-title no-description\">\n\t\t<div class=\"figc-inner\">\n\t\t\t\t\t\t\t\t\t\t\t\t<div class=\"jtg-social\">\n\t\t\t\t\t\t\t\t\t\t\t\t\t\t\t\t\t\t\t<\/div>\n\t\t\t\t\t<\/div>\n\t<\/div>\n<\/div><div class=\"item effect-pufrobo\" >\n\n\t\n\t\t\t<a href=\"http:\/\/www.lemanoirdeschevauxdores.fr\/wp-content\/uploads\/2019\/05\/ManoirJulesjim26.jpg\" title=\"\" data-title=\"\" data-lightbox=\"jtg-335\" class=\"tile-inner\"><\/a>\n\t\n\t\n\t<img decoding=\"async\" class='pic' data-valign=\"middle\" data-halign=\"center\" alt=\"\" src=\"http:\/\/www.lemanoirdeschevauxdores.fr\/wp-content\/uploads\/2019\/05\/ManoirJulesjim26-99999x900.jpg\" data-src=\"http:\/\/www.lemanoirdeschevauxdores.fr\/wp-content\/uploads\/2019\/05\/ManoirJulesjim26-99999x900.jpg\"\/>\n\n\t\n\t<div class=\"figc no-title no-description\">\n\t\t<div class=\"figc-inner\">\n\t\t\t\t\t\t\t\t\t\t\t\t<div class=\"jtg-social\">\n\t\t\t\t\t\t\t\t\t\t\t\t\t\t\t\t\t\t\t<\/div>\n\t\t\t\t\t<\/div>\n\t<\/div>\n<\/div><div class=\"item effect-pufrobo\" >\n\n\t\n\t\t\t<a href=\"http:\/\/www.lemanoirdeschevauxdores.fr\/wp-content\/uploads\/2019\/05\/ManoirJulesJim1.jpg\" title=\"\" data-title=\"\" data-lightbox=\"jtg-335\" class=\"tile-inner\"><\/a>\n\t\n\t\n\t<img decoding=\"async\" class='pic' data-valign=\"middle\" data-halign=\"center\" alt=\"\" src=\"http:\/\/www.lemanoirdeschevauxdores.fr\/wp-content\/uploads\/2019\/05\/ManoirJulesJim1-900x99999.jpg\" data-src=\"http:\/\/www.lemanoirdeschevauxdores.fr\/wp-content\/uploads\/2019\/05\/ManoirJulesJim1-900x99999.jpg\"\/>\n\n\t\n\t<div class=\"figc no-title no-description\">\n\t\t<div class=\"figc-inner\">\n\t\t\t\t\t\t\t\t\t\t\t\t<div class=\"jtg-social\">\n\t\t\t\t\t\t\t\t\t\t\t\t\t\t\t\t\t\t\t<\/div>\n\t\t\t\t\t<\/div>\n\t<\/div>\n<\/div><div class=\"item effect-pufrobo\" >\n\n\t\n\t\t\t<a href=\"http:\/\/www.lemanoirdeschevauxdores.fr\/wp-content\/uploads\/2019\/05\/IMG_5043.jpg\" title=\"\" data-title=\"\" data-lightbox=\"jtg-335\" class=\"tile-inner\"><\/a>\n\t\n\t\n\t<img decoding=\"async\" class='pic' data-valign=\"middle\" data-halign=\"center\" alt=\"\" src=\"http:\/\/www.lemanoirdeschevauxdores.fr\/wp-content\/uploads\/2019\/05\/IMG_5043-900x99999.jpg\" data-src=\"http:\/\/www.lemanoirdeschevauxdores.fr\/wp-content\/uploads\/2019\/05\/IMG_5043-900x99999.jpg\"\/>\n\n\t\n\t<div class=\"figc no-title no-description\">\n\t\t<div class=\"figc-inner\">\n\t\t\t\t\t\t\t\t\t\t\t\t<div class=\"jtg-social\">\n\t\t\t\t\t\t\t\t\t\t\t\t\t\t\t\t\t\t\t<\/div>\n\t\t\t\t\t<\/div>\n\t<\/div>\n<\/div><div class=\"item effect-pufrobo\" >\n\n\t\n\t\t\t<a href=\"http:\/\/www.lemanoirdeschevauxdores.fr\/wp-content\/uploads\/2019\/05\/ManoirJulesJim6.jpg\" title=\"\" data-title=\"\" data-lightbox=\"jtg-335\" class=\"tile-inner\"><\/a>\n\t\n\t\n\t<img decoding=\"async\" class='pic' data-valign=\"middle\" data-halign=\"center\" alt=\"\" src=\"http:\/\/www.lemanoirdeschevauxdores.fr\/wp-content\/uploads\/2019\/05\/ManoirJulesJim6-900x99999.jpg\" data-src=\"http:\/\/www.lemanoirdeschevauxdores.fr\/wp-content\/uploads\/2019\/05\/ManoirJulesJim6-900x99999.jpg\"\/>\n\n\t\n\t<div class=\"figc no-title no-description\">\n\t\t<div class=\"figc-inner\">\n\t\t\t\t\t\t\t\t\t\t\t\t<div class=\"jtg-social\">\n\t\t\t\t\t\t\t\t\t\t\t\t\t\t\t\t\t\t\t<\/div>\n\t\t\t\t\t<\/div>\n\t<\/div>\n<\/div><div class=\"item effect-pufrobo\" >\n\n\t\n\t\t\t<a href=\"http:\/\/www.lemanoirdeschevauxdores.fr\/wp-content\/uploads\/2019\/05\/ManoirJulesjim20.jpg\" title=\"\" data-title=\"\" data-lightbox=\"jtg-335\" class=\"tile-inner\"><\/a>\n\t\n\t\n\t<img decoding=\"async\" class='pic' data-valign=\"middle\" data-halign=\"center\" alt=\"\" src=\"http:\/\/www.lemanoirdeschevauxdores.fr\/wp-content\/uploads\/2019\/05\/ManoirJulesjim20-99999x900.jpg\" data-src=\"http:\/\/www.lemanoirdeschevauxdores.fr\/wp-content\/uploads\/2019\/05\/ManoirJulesjim20-99999x900.jpg\"\/>\n\n\t\n\t<div class=\"figc no-title no-description\">\n\t\t<div class=\"figc-inner\">\n\t\t\t\t\t\t\t\t\t\t\t\t<div class=\"jtg-social\">\n\t\t\t\t\t\t\t\t\t\t\t\t\t\t\t\t\t\t\t<\/div>\n\t\t\t\t\t<\/div>\n\t<\/div>\n<\/div>\t<\/div>\n\n\t\n<\/div>\n\n\n\n<div class=\"wp-block-image\"><figure class=\"aligncenter size-large\"><img loading=\"lazy\" decoding=\"async\" width=\"640\" height=\"80\" src=\"http:\/\/www.lemanoirdeschevauxdores.fr\/wp-content\/uploads\/2019\/12\/icons-JulesJim.png\" alt=\"\" class=\"wp-image-1241\" srcset=\"http:\/\/www.lemanoirdeschevauxdores.fr\/wp-content\/uploads\/2019\/12\/icons-JulesJim.png 640w, http:\/\/www.lemanoirdeschevauxdores.fr\/wp-content\/uploads\/2019\/12\/icons-JulesJim-600x75.png 600w\" sizes=\"auto, (max-width: 640px) 100vw, 640px\" \/><\/figure><\/div>\n","protected":false},"excerpt":{"rendered":"<p>Se nalazi u odvojenom objektu sa direktnim izlazom u vrt. Sa svojih 19 m\u00b2 sadr\u017ei privatnu kupaonicu, malu kuhinju te privatnu kupaonicu. Sa velikim ekranom <a class=\"read-more\" href=\"http:\/\/www.lemanoirdeschevauxdores.fr\/hr\/sobe-i-cijene\/studio-jim-i-jules\/\"><br \/>Op\u0161irnije&#8230; <\/a><\/p>\n","protected":false},"author":1,"featured_media":1048,"parent":564,"menu_order":0,"comment_status":"closed","ping_status":"closed","template":"","meta":{"footnotes":""},"class_list":["post-588","page","type-page","status-publish","has-post-thumbnail","hentry"],"_links":{"self":[{"href":"http:\/\/www.lemanoirdeschevauxdores.fr\/hr\/wp-json\/wp\/v2\/pages\/588","targetHints":{"allow":["GET"]}}],"collection":[{"href":"http:\/\/www.lemanoirdeschevauxdores.fr\/hr\/wp-json\/wp\/v2\/pages"}],"about":[{"href":"http:\/\/www.lemanoirdeschevauxdores.fr\/hr\/wp-json\/wp\/v2\/types\/page"}],"author":[{"embeddable":true,"href":"http:\/\/www.lemanoirdeschevauxdores.fr\/hr\/wp-json\/wp\/v2\/users\/1"}],"replies":[{"embeddable":true,"href":"http:\/\/www.lemanoirdeschevauxdores.fr\/hr\/wp-json\/wp\/v2\/comments?post=588"}],"version-history":[{"count":6,"href":"http:\/\/www.lemanoirdeschevauxdores.fr\/hr\/wp-json\/wp\/v2\/pages\/588\/revisions"}],"predecessor-version":[{"id":1245,"href":"http:\/\/www.lemanoirdeschevauxdores.fr\/hr\/wp-json\/wp\/v2\/pages\/588\/revisions\/1245"}],"up":[{"embeddable":true,"href":"http:\/\/www.lemanoirdeschevauxdores.fr\/hr\/wp-json\/wp\/v2\/pages\/564"}],"wp:featuredmedia":[{"embeddable":true,"href":"http:\/\/www.lemanoirdeschevauxdores.fr\/hr\/wp-json\/wp\/v2\/media\/1048"}],"wp:attachment":[{"href":"http:\/\/www.lemanoirdeschevauxdores.fr\/hr\/wp-json\/wp\/v2\/media?parent=588"}],"curies":[{"name":"wp","href":"https:\/\/api.w.org\/{rel}","templated":true}]}}